{"id":48,"date":"2022-06-05T18:45:37","date_gmt":"2022-06-05T17:45:37","guid":{"rendered":"https:\/\/landgasthofzumochsen.de\/home\/"},"modified":"2022-10-09T21:19:18","modified_gmt":"2022-10-09T20:19:18","slug":"home","status":"publish","type":"page","link":"https:\/\/landgasthofzumochsen.de\/","title":{"rendered":"Home"},"content":{"rendered":"\n\n\n<h2>Willkomen<\/h2>\n<h1> Willkomen <\/h1>\n\n<h6>&nbsp; &#8230;essen verbindet Menschen&#8230;<\/h6>\n<h6>&nbsp; &nbsp; &nbsp; &nbsp; &nbsp; &nbsp; &nbsp; &nbsp; &nbsp; &nbsp; &#8230;macht sch&ouml;ne Gesellschaften&#8230;<\/h6>\n<h6>&nbsp; &nbsp; &nbsp; &nbsp; &nbsp;&#8230; schafft Erinnerungen&#8230;<\/h6>\n<p>&nbsp; &nbsp; &nbsp; &nbsp; &nbsp; &nbsp; &nbsp; &nbsp; &nbsp; &nbsp; &nbsp; &nbsp; &nbsp; &nbsp; &nbsp; &nbsp; &nbsp; &nbsp; &nbsp; &nbsp; &nbsp;d.m.<\/p>\n\n\n\n\n\n\n\n\n\n\n\n\n\n\n\n\n\n\n\n\n\n\n\n\n\n\n\n\n\n\n\n\n\n\n\n\n\n\n\n\n\n\n\n\n\n\n\n\n\n\n\n\n\n<h2>\u00fcber uns<\/h2>\n<h1>\u00fcber uns<\/h1>\n\n<p>Sehr geehrter Gast,<\/p><p>wir, das Serviceteam, begr\u00fc\u00dfen Sie herzlich.<\/p><p>Unser Ziel ist es, dass Sie sich wohl f\u00fchlen.<\/p><p>Wir werden unser Bestes tun, all Ihre W\u00fcnsche zu erf\u00fcllen,<\/p><p>damit Ihnen der Aufenthalt in unserem Hause in<\/p><p>angenehmer Erinnerung bleibt.<\/p><p>F\u00fchr Ihren Besuch danken wir Ihnen recht herzlich<\/p><p>und w\u00fcrden uns freuen,<\/p><p>Sie recht bald wieder begr\u00fc\u00dfen zu d\u00fcrfen.<\/p>\n\n\n","protected":false},"excerpt":{"rendered":"","protected":false},"author":0,"featured_media":0,"parent":0,"menu_order":0,"comment_status":"closed","ping_status":"closed","template":"","meta":{"pagelayer_contact_templates":[],"_pagelayer_content":"","footnotes":""},"class_list":["post-48","page","type-page","status-publish","hentry"],"_links":{"self":[{"href":"https:\/\/landgasthofzumochsen.de\/index.php?rest_route=\/wp\/v2\/pages\/48","targetHints":{"allow":["GET"]}}],"collection":[{"href":"https:\/\/landgasthofzumochsen.de\/index.php?rest_route=\/wp\/v2\/pages"}],"about":[{"href":"https:\/\/landgasthofzumochsen.de\/index.php?rest_route=\/wp\/v2\/types\/page"}],"replies":[{"embeddable":true,"href":"https:\/\/landgasthofzumochsen.de\/index.php?rest_route=%2Fwp%2Fv2%2Fcomments&post=48"}],"version-history":[{"count":36,"href":"https:\/\/landgasthofzumochsen.de\/index.php?rest_route=\/wp\/v2\/pages\/48\/revisions"}],"predecessor-version":[{"id":242,"href":"https:\/\/landgasthofzumochsen.de\/index.php?rest_route=\/wp\/v2\/pages\/48\/revisions\/242"}],"wp:attachment":[{"href":"https:\/\/landgasthofzumochsen.de\/index.php?rest_route=%2Fwp%2Fv2%2Fmedia&parent=48"}],"curies":[{"name":"wp","href":"https:\/\/api.w.org\/{rel}","templated":true}]}}